{"id":58790,"date":"2026-02-02T22:03:04","date_gmt":"2026-02-02T22:03:04","guid":{"rendered":"https:\/\/parfumbar.com.ua\/product\/hermes-un-jardin-en-mediterranee\/"},"modified":"2026-02-02T22:03:07","modified_gmt":"2026-02-02T22:03:07","slug":"hermes-un-jardin-en-mediterranee","status":"publish","type":"product","link":"https:\/\/parfumbar.com.ua\/ru\/product\/hermes-un-jardin-en-mediterranee\/","title":{"rendered":"Herm\u00e8s &#8211; Un Jardin en M\u00e9diterran\u00e9e"},"content":{"rendered":"<p>Herm&egrave;s &#8211; Un Jardin en M&eacute;diterran&eacute;e&nbsp;&mdash; \u0446\u0435 \u0430\u0440\u043e\u043c\u0430\u0442, \u043d\u0430\u0442\u0445\u043d\u0435\u043d\u043d\u0438\u0439 \u0430\u0442\u043c\u043e\u0441\u0444\u0435\u0440\u043e\u044e \u0421\u0435\u0440\u0435\u0434\u0437\u0435\u043c\u043d\u043e\u0433\u043e \u043c\u043e\u0440\u044f, \u044f\u043a\u0438\u0439 \u043f\u0435\u0440\u0435\u0434\u0430\u0454 \u0432\u0441\u044e \u0439\u043e\u0433\u043e \u0441\u0432\u0456\u0436\u0456\u0441\u0442\u044c, \u0442\u0435\u043f\u043b\u043e \u0442\u0430 \u0435\u043d\u0435\u0440\u0433\u0456\u044e. \u0426\u0435\u0439 \u043f\u0430\u0440\u0444\u0443\u043c \u043f\u0435\u0440\u0435\u043d\u043e\u0441\u0438\u0442\u044c \u0443 \u043c\u0430\u0433\u0456\u0447\u043d\u0438\u0439 \u0441\u0430\u0434 \u043d\u0430 \u0443\u0437\u0431\u0435\u0440\u0435\u0436\u0436\u0456, \u0434\u0435 \u0441\u043f\u043b\u0456\u0442\u0430\u044e\u0442\u044c\u0441\u044f \u0430\u0440\u043e\u043c\u0430\u0442\u0438 \u0446\u0438\u0442\u0440\u0443\u0441\u0456\u0432, \u0437\u0435\u043b\u0435\u043d\u0456 \u0442\u0430 \u043c\u043e\u0440\u044f, \u0441\u0442\u0432\u043e\u0440\u044e\u044e\u0447\u0438 \u043d\u0435\u043f\u043e\u0432\u0442\u043e\u0440\u043d\u0443 \u0433\u0430\u0440\u043c\u043e\u043d\u0456\u044e. Un Jardin en M&eacute;diterran&eacute;e&nbsp;&mdash; \u0446\u0435 \u0430\u0440\u043e\u043c\u0430\u0442 \u0434\u043b\u044f \u0442\u0438\u0445, \u0445\u0442\u043e \u043f\u0440\u0430\u0433\u043d\u0435 \u0432\u0456\u0434\u0447\u0443\u0442\u0438 \u043d\u0430 \u0441\u043e\u0431\u0456 \u0434\u0443\u0445 \u0421\u0435\u0440\u0435\u0434\u0437\u0435\u043c\u043d\u043e\u043c\u043e\u0440&#39;\u044f, \u0439\u043e\u0433\u043e \u0441\u043e\u043d\u044f\u0447\u043d\u0435 \u0442\u0435\u043f\u043b\u043e \u0442\u0430 \u043f\u0440\u0438\u0432\u0430\u0431\u043b\u0438\u0432\u0443 \u0441\u0432\u0456\u0436\u0456\u0441\u0442\u044c.<\/p>\n<p>\u0421\u043a\u043b\u0430\u0434 \u0430\u0440\u043e\u043c\u0430\u0442\u0443:<br \/>\n&#8211; \u0412\u0435\u0440\u0445\u043d\u0456 \u043d\u043e\u0442\u0438: \u0410\u0440\u043e\u043c\u0430\u0442 \u0432\u0456\u0434\u043a\u0440\u0438\u0432\u0430\u0454\u0442\u044c\u0441\u044f \u044f\u0441\u043a\u0440\u0430\u0432\u0438\u043c\u0438 \u0446\u0438\u0442\u0440\u0443\u0441\u043e\u0432\u0438\u043c\u0438 \u043d\u043e\u0442\u0430\u043c\u0438 \u043b\u0438\u043c\u043e\u043d\u0430 \u0442\u0430 \u0430\u043f\u0435\u043b\u044c\u0441\u0438\u043d\u0430, \u044f\u043a\u0456 \u0434\u0430\u0440\u0443\u044e\u0442\u044c \u0432\u0456\u0434\u0447\u0443\u0442\u0442\u044f \u0441\u0432\u0456\u0436\u043e\u0441\u0442\u0456 \u0442\u0430 \u0435\u043d\u0435\u0440\u0433\u0456\u0457, \u043d\u0456\u0431\u0438 \u0432\u0438 \u043e\u043f\u0438\u043d\u044f\u0454\u0442\u0435\u0441\u044c \u043f\u0456\u0434 \u0433\u0430\u0440\u044f\u0447\u0438\u043c \u0441\u043e\u043d\u0446\u0435\u043c \u043d\u0430 \u0443\u0437\u0431\u0435\u0440\u0435\u0436\u0436\u0456.<br \/>\n&#8211; \u0421\u0435\u0440\u0435\u0434\u043d\u0456 \u043d\u043e\u0442\u0438: \u0423 \u0441\u0435\u0440\u0446\u0456 \u043a\u043e\u043c\u043f\u043e\u0437\u0438\u0446\u0456\u0457 \u0440\u043e\u0437\u043a\u0440\u0438\u0432\u0430\u044e\u0442\u044c\u0441\u044f \u043d\u043e\u0442\u0438 \u043e\u043b\u0456\u0457 \u0437\u0435\u043b\u0435\u043d\u043e\u0433\u043e \u043c\u0438\u0433\u0434\u0430\u043b\u044e, \u0449\u043e \u043d\u0430\u0434\u0430\u0454 \u0430\u0440\u043e\u043c\u0430\u0442\u0443 \u0433\u043b\u0438\u0431\u0438\u043d\u0443 \u0456 \u043c&#39;\u044f\u043a\u0456\u0441\u0442\u044c, \u0434\u043e\u0434\u0430\u044e\u0447\u0438 \u0435\u043b\u0435\u043c\u0435\u043d\u0442\u0438 \u0437\u0435\u043b\u0435\u043d\u0456 \u0442\u0430 \u0442\u0435\u043f\u043b\u0430.<br \/>\n&#8211; \u0411\u0430\u0437\u043e\u0432\u0456 \u043d\u043e\u0442\u0438: \u0417\u0430\u0432\u0435\u0440\u0448\u0430\u043b\u044c\u043d\u0456 \u0430\u043a\u043e\u0440\u0434\u0438 \u043c\u0443\u0441\u043a\u0443\u0441\u0443 \u0442\u0430 \u043a\u0438\u043f\u0430\u0440\u0438\u0441\u0443 \u0441\u0442\u0432\u043e\u0440\u044e\u044e\u0442\u044c \u0435\u043b\u0435\u0433\u0430\u043d\u0442\u043d\u0438\u0439 \u0456 \u0441\u0442\u0456\u0439\u043a\u0438\u0439 \u0448\u043b\u0435\u0439\u0444, \u044f\u043a\u0438\u0439 \u043f\u0435\u0440\u0435\u043d\u043e\u0441\u0438\u0442\u044c \u0443 \u0441\u0435\u0440\u0435\u0434\u0437\u0435\u043c\u043d\u043e\u043c\u043e\u0440\u0441\u044c\u043a\u0438\u0439 \u0441\u0430\u0434, \u0449\u043e \u043d\u0430\u043f\u043e\u0432\u043d\u0435\u043d\u0438\u0439 \u0441\u043e\u043d\u0446\u0435\u043c \u0456 \u0430\u0440\u043e\u043c\u0430\u0442\u0430\u043c\u0438 \u043c\u043e\u0440\u044f.<\/p>\n<p>\u0406\u0441\u0442\u043e\u0440\u0456\u044f \u0430\u0440\u043e\u043c\u0430\u0442\u0443:<br \/>\nUn Jardin en M&eacute;diterran&eacute;e&nbsp;&mdash; \u0446\u0435 \u0430\u0440\u043e\u043c\u0430\u0442, \u0449\u043e \u043f\u0435\u0440\u0435\u0434\u0430\u0454 \u0432\u0456\u0434\u0447\u0443\u0442\u0442\u044f \u0433\u0430\u0440\u043c\u043e\u043d\u0456\u0457 \u0442\u0430 \u0441\u043f\u043e\u043a\u043e\u044e \u0421\u0435\u0440\u0435\u0434\u0437\u0435\u043c\u043d\u043e\u043c\u043e\u0440&#39;\u044f. \u0412\u0456\u043d \u0437\u0430\u043d\u0443\u0440\u044e\u0454 \u0432 \u0430\u0442\u043c\u043e\u0441\u0444\u0435\u0440\u0443 \u0441\u0432\u0456\u0436\u043e\u0441\u0442\u0456 \u0442\u0430 \u0442\u0435\u043f\u043b\u043e\u0442\u0438, \u0449\u043e \u0445\u0430\u0440\u0430\u043a\u0442\u0435\u0440\u043d\u0456 \u0434\u043b\u044f \u0446\u044c\u043e\u0433\u043e \u0440\u0435\u0433\u0456\u043e\u043d\u0443. \u0426\u0435\u0439 \u043f\u0430\u0440\u0444\u0443\u043c \u0441\u0442\u0432\u043e\u0440\u0435\u043d\u0438\u0439 \u0434\u043b\u044f \u0442\u0438\u0445, \u0445\u0442\u043e \u0431\u0430\u0436\u0430\u0454 \u043f\u0435\u0440\u0435\u0436\u0438\u0442\u0438 \u0435\u043c\u043e\u0446\u0456\u0457 \u0432\u0456\u0434\u043f\u043e\u0447\u0438\u043d\u043a\u0443 \u043d\u0430 \u043c\u043e\u0440\u0456, \u043d\u0430\u0441\u043e\u043b\u043e\u0434\u0436\u0443\u044e\u0447\u0438\u0441\u044c \u043a\u0440\u0430\u0441\u043e\u044e \u0442\u0430 \u043f\u0440\u0438\u0440\u043e\u0434\u043d\u043e\u044e \u0435\u043d\u0435\u0440\u0433\u0456\u0454\u044e \u0421\u0435\u0440\u0435\u0434\u0437\u0435\u043c\u043d\u043e\u043c\u043e\u0440&#39;\u044f. Herm&egrave;s &#8211; Un Jardin en M&eacute;diterran&eacute;e&nbsp;&mdash; \u0446\u0435 \u043f\u0430\u0440\u0444\u0443\u043c \u0434\u043b\u044f \u0442\u0438\u0445, \u0445\u0442\u043e \u0445\u043e\u0447\u0435 \u0432\u0456\u0434\u0447\u0443\u0442\u0438 \u0441\u043e\u043d\u044f\u0447\u043d\u0443 \u0441\u0432\u0456\u0436\u0456\u0441\u0442\u044c \u0456 \u0432\u0456\u0447\u043d\u0443 \u043a\u0440\u0430\u0441\u0443 \u043f\u0440\u0438\u0440\u043e\u0434\u0438.<\/p>","protected":false},"excerpt":{"rendered":"<p>Herm&egrave;s &#8211; Un Jardin en M&eacute;diterran&eacute;e&nbsp;&mdash; \u0446\u0435 \u0430\u0440\u043e\u043c\u0430\u0442, \u043d\u0430\u0442\u0445\u043d\u0435\u043d\u043d\u0438\u0439 \u0430\u0442\u043c\u043e\u0441\u0444\u0435\u0440\u043e\u044e \u0421\u0435\u0440\u0435\u0434\u0437\u0435\u043c\u043d\u043e\u0433\u043e \u043c\u043e\u0440\u044f, \u044f\u043a\u0438\u0439 \u043f\u0435\u0440\u0435\u0434\u0430\u0454 \u0432\u0441\u044e \u0439\u043e\u0433\u043e \u0441\u0432\u0456\u0436\u0456\u0441\u0442\u044c, \u0442\u0435\u043f\u043b\u043e \u0442\u0430 \u0435\u043d\u0435\u0440\u0433\u0456\u044e. \u0426\u0435\u0439 \u043f\u0430\u0440\u0444\u0443\u043c \u043f\u0435\u0440\u0435\u043d\u043e\u0441\u0438\u0442\u044c \u0443 \u043c\u0430\u0433\u0456\u0447\u043d\u0438\u0439 \u0441\u0430\u0434 \u043d\u0430 \u0443\u0437\u0431\u0435\u0440\u0435\u0436\u0436\u0456, \u0434\u0435 \u0441\u043f\u043b\u0456\u0442\u0430\u044e\u0442\u044c\u0441\u044f \u0430\u0440\u043e\u043c\u0430\u0442\u0438 \u0446\u0438\u0442\u0440\u0443\u0441\u0456\u0432, \u0437\u0435\u043b\u0435\u043d\u0456 \u0442\u0430 \u043c\u043e\u0440\u044f, \u0441\u0442\u0432\u043e\u0440\u044e\u044e\u0447\u0438 \u043d\u0435\u043f\u043e\u0432\u0442\u043e\u0440\u043d\u0443 \u0433\u0430\u0440\u043c\u043e\u043d\u0456\u044e. Un Jardin en M&eacute;diterran&eacute;e&nbsp;&mdash; \u0446\u0435 \u0430\u0440\u043e\u043c\u0430\u0442 \u0434\u043b\u044f \u0442\u0438\u0445, \u0445\u0442\u043e \u043f\u0440\u0430\u0433\u043d\u0435 \u0432\u0456\u0434\u0447\u0443\u0442\u0438 \u043d\u0430 \u0441\u043e\u0431\u0456 \u0434\u0443\u0445 \u0421\u0435\u0440\u0435\u0434\u0437\u0435\u043c\u043d\u043e\u043c\u043e\u0440&#39;\u044f, \u0439\u043e\u0433\u043e \u0441\u043e\u043d\u044f\u0447\u043d\u0435 [&hellip;]<\/p>","protected":false},"featured_media":58793,"comment_status":"closed","ping_status":"open","template":"","meta":[],"product_brand":[],"product_cat":[157],"product_tag":[],"class_list":{"0":"post-58790","1":"product","2":"type-product","3":"status-publish","4":"has-post-thumbnail","6":"product_cat-parfumeriia","7":"pa_klasyfikacja-2133","8":"pa_osnovni-noty-664","9":"pa_osnovni-noty-651","10":"pa_osnovni-noty-763","13":"first","14":"instock","15":"purchasable","16":"product-type-variable"},"_links":{"self":[{"href":"https:\/\/parfumbar.com.ua\/ru\/wp-json\/wp\/v2\/product\/58790","targetHints":{"allow":["GET"]}}],"collection":[{"href":"https:\/\/parfumbar.com.ua\/ru\/wp-json\/wp\/v2\/product"}],"about":[{"href":"https:\/\/parfumbar.com.ua\/ru\/wp-json\/wp\/v2\/types\/product"}],"replies":[{"embeddable":true,"href":"https:\/\/parfumbar.com.ua\/ru\/wp-json\/wp\/v2\/comments?post=58790"}],"version-history":[{"count":1,"href":"https:\/\/parfumbar.com.ua\/ru\/wp-json\/wp\/v2\/product\/58790\/revisions"}],"predecessor-version":[{"id":58791,"href":"https:\/\/parfumbar.com.ua\/ru\/wp-json\/wp\/v2\/product\/58790\/revisions\/58791"}],"wp:featuredmedia":[{"embeddable":true,"href":"https:\/\/parfumbar.com.ua\/ru\/wp-json\/wp\/v2\/media\/58793"}],"wp:attachment":[{"href":"https:\/\/parfumbar.com.ua\/ru\/wp-json\/wp\/v2\/media?parent=58790"}],"wp:term":[{"taxonomy":"product_brand","embeddable":true,"href":"https:\/\/parfumbar.com.ua\/ru\/wp-json\/wp\/v2\/product_brand?post=58790"},{"taxonomy":"product_cat","embeddable":true,"href":"https:\/\/parfumbar.com.ua\/ru\/wp-json\/wp\/v2\/product_cat?post=58790"},{"taxonomy":"product_tag","embeddable":true,"href":"https:\/\/parfumbar.com.ua\/ru\/wp-json\/wp\/v2\/product_tag?post=58790"}],"curies":[{"name":"wp","href":"https:\/\/api.w.org\/{rel}","templated":true}]}}